{"id":16311,"date":"2025-04-21T15:41:00","date_gmt":"2025-04-21T15:41:00","guid":{"rendered":"https:\/\/wmhuoke.com\/?page_id=16311"},"modified":"2025-04-21T15:46:17","modified_gmt":"2025-04-21T15:46:17","slug":"contact-us","status":"publish","type":"page","link":"https:\/\/wmhuoke.com\/es\/contact-us\/","title":{"rendered":"Contacte con nosotros"},"content":{"rendered":"<link rel=\"stylesheet\" id=\"elementor-post-7500-css\" href=\"https:\/\/wmhuoke.com\/wp-content\/uploads\/elementor\/css\/post-7500.css?ver=1777713529\" type=\"text\/css\" media=\"all\">\n\t\t\t\t\t<div data-elementor-type=\"wp-post\" data-elementor-id=\"7500\" class=\"elementor elementor-7500\">\n\t\t\t\t\t\t<section class=\"wd-negative-gap elementor-section elementor-top-section elementor-element elementor-element-48404434 elementor-section-content-middle elementor-section-boxed elementor-section-height-default elementor-section-height-default\" data-id=\"48404434\" data-element_type=\"section\" data-e-type=\"section\" data-settings=\"{&quot;background_background&quot;:&quot;classic&quot;}\">\n\t\t\t\t\t\t<div class=\"elementor-container elementor-column-gap-default\">\n\t\t\t\t\t<div class=\"elementor-column elementor-col-50 elementor-top-column elementor-element elementor-element-c42871a\" data-id=\"c42871a\" data-element_type=\"column\" data-e-type=\"column\" data-settings=\"{&quot;background_background&quot;:&quot;classic&quot;}\">\n\t\t\t<div class=\"elementor-widget-wrap elementor-element-populated\">\n\t\t\t\t\t\t<div class=\"elementor-element elementor-element-75f7acd wd-width-100 elementor-widget elementor-widget-wd_title\" data-id=\"75f7acd\" data-element_type=\"widget\" data-e-type=\"widget\" data-widget_type=\"wd_title.default\">\n\t\t\t\t<div class=\"elementor-widget-container\">\n\t\t\t\t\t\t\t<div class=\"title-wrapper wd-set-mb reset-last-child wd-title-color-white wd-title-style-default wd-title-size-medium text-center\">\n\n\t\t\t\n\t\t\t<div class=\"liner-continer\">\n\t\t\t\t<h4 class=\"woodmart-title-container title wd-fontsize-xl\">Desliza el dedo para a\u00f1adirnos a tus amigos<\/h4> \n\t\t\t\t\t\t\t<\/div>\n\n\t\t\t\t\t<\/div>\n\t\t\t\t\t\t<\/div>\n\t\t\t\t<\/div>\n\t\t\t\t<div class=\"elementor-element elementor-element-f200022 elementor-widget elementor-widget-wd_image_or_svg\" data-id=\"f200022\" data-element_type=\"widget\" data-e-type=\"widget\" data-widget_type=\"wd_image_or_svg.default\">\n\t\t\t\t<div class=\"elementor-widget-container\">\n\t\t\t\t\t\n\t\t<div class=\"wd-image text-left\">\n\t\t\t\t\t\t\t\t<img fetchpriority=\"high\" decoding=\"async\" width=\"862\" height=\"812\" src=\"https:\/\/wmhuoke.com\/wp-content\/uploads\/2021\/10\/wechat_green.jpg\" class=\"attachment-full size-full\" alt=\"Contacto WeChat Swipe\" srcset=\"https:\/\/wmhuoke.com\/wp-content\/uploads\/2021\/10\/wechat_green.jpg 862w, https:\/\/wmhuoke.com\/wp-content\/uploads\/2021\/10\/wechat_green-318x300.jpg 318w, https:\/\/wmhuoke.com\/wp-content\/uploads\/2021\/10\/wechat_green-849x800.jpg 849w, https:\/\/wmhuoke.com\/wp-content\/uploads\/2021\/10\/wechat_green-768x723.jpg 768w\" sizes=\"(max-width: 862px) 100vw, 862px\" \/>\t\t\t\t\t<\/div>\n\n\t\t\t\t\t\t<\/div>\n\t\t\t\t<\/div>\n\t\t\t\t\t<\/div>\n\t\t<\/div>\n\t\t\t\t<div class=\"elementor-column elementor-col-50 elementor-top-column elementor-element elementor-element-4e867533 color-scheme-light\" data-id=\"4e867533\" data-element_type=\"column\" data-e-type=\"column\" data-settings=\"{&quot;background_background&quot;:&quot;classic&quot;}\">\n\t\t\t<div class=\"elementor-widget-wrap elementor-element-populated\">\n\t\t\t\t\t\t<div class=\"elementor-element elementor-element-e4e23d3 elementor-widget elementor-widget-wd_text_block\" data-id=\"e4e23d3\" data-element_type=\"widget\" data-e-type=\"widget\" data-widget_type=\"wd_text_block.default\">\n\t\t\t\t<div class=\"elementor-widget-container\">\n\t\t\t\t\t\t\t<div class=\"wd-text-block reset-last-child text-left color-scheme-dark\">\n\t\t\t\n\t\t\t<ul><li><h3>Tel\u00e9fono:<em> 151-7525-6533<\/em><\/h3><\/li><li><h3>Buz\u00f3n:<span style=\"text-decoration: underline;\"><a href=\"mailto:saluteyouth@outlook.com\"><em> saluteyouth@outlook.com<\/em><\/a><\/span><\/h3><\/li><li><h3>WhatsApp.<em>\u00a0<span style=\"text-decoration: underline;\"> <a href=\"https:\/\/wa.me\/17807816626\">+17807816626<\/a><\/span><\/em><\/h3><\/li><li><h3>QQ. <span style=\"text-decoration: underline;\"><a href=\"http:\/\/wpa.qq.com\/msgrd?v=3&amp;uin=3030772808&amp;site=qq&amp;menu=yes\"><em>3030772808<\/em><\/a><\/span><\/h3><\/li><li><h3>WeChat:<span style=\"text-decoration: underline;\"><a href=\"weixin:\/\/dl\/chat?username=yunhe-shuju\"><em>yunhe-shuju<\/em><\/a><\/span><\/h3><\/li><li><h4><span style=\"text-decoration: underline;\">P\u00f3ngase en contacto con nosotros si tiene alguna pregunta, desarrollo personalizado de captura de datos, optimizaci\u00f3n de comentarios, optimizaci\u00f3n de descargas, construcci\u00f3n de sitios independientes, desarrollo de clientes de comercio exterior.<\/span><\/h4><\/li><\/ul>\n\t\t\t\t\t<\/div>\n\t\t\t\t\t\t<\/div>\n\t\t\t\t<\/div>\n\t\t\t\t\t<\/div>\n\t\t<\/div>\n\t\t\t\t\t<\/div>\n\t\t<\/section>\n\t\t\t\t<\/div>","protected":false},"excerpt":{"rendered":"","protected":false},"author":1,"featured_media":0,"parent":0,"menu_order":0,"comment_status":"closed","ping_status":"closed","template":"","meta":{"footnotes":""},"class_list":["post-16311","page","type-page","status-publish","hentry"],"yoast_head":"<!-- This site is optimized with the Yoast SEO plugin v24.8.1 - https:\/\/yoast.com\/wordpress\/plugins\/seo\/ -->\n<title>\u8054\u7cfb\u6211\u4eec - \u8d2d\u4e70\u7a33\u5b9a\u5546\u4e1a\u8bc4\u4ef7\uff1aGoogle Map \u8bc4\u8bba\uff0cTrustpilot \u8bc4\u8bba\u7b49<\/title>\n<meta name=\"description\" content=\"\u8054\u7cfb\u6211\u4eec\uff0c\u83b7\u53d6\u5546\u4e1a\u8bc4\u4ef7\u65b9\u6848\uff0c\u5b9a\u5236\u4f60\u7684\u5546\u4e1a\u8bc4\u8bba\u3002\u63d0\u9ad8\u60a8\u7684\u5546\u4e1a\u58f0\u8a89\uff0c\u83b7\u53d6\u672c\u5730SEO\u5e26\u6765\u7684\u4f4e\u6210\u672c \u7cbe\u51c6\u6d41\u91cf\u3002\u4f4e\u6210\u672c\uff0c \u5b89\u5168\u9ad8\u6548\u63d0\u5347Google Map \u8bc4\u5206\uff0c \u63d0\u5347Trustpilot \u8bc4\u5206\uff0c \u63d0\u5347Chrome\u63d2\u4ef6\u8bc4\u5206\u3002\" \/>\n<meta name=\"robots\" content=\"index, follow, max-snippet:-1, max-image-preview:large, max-video-preview:-1\" \/>\n<link rel=\"canonical\" href=\"https:\/\/wmhuoke.com\/es\/contact-us\/\" \/>\n<meta property=\"og:locale\" content=\"es_ES\" \/>\n<meta property=\"og:type\" content=\"article\" \/>\n<meta property=\"og:title\" content=\"\u8054\u7cfb\u6211\u4eec - \u8d2d\u4e70\u7a33\u5b9a\u5546\u4e1a\u8bc4\u4ef7\uff1aGoogle Map \u8bc4\u8bba\uff0cTrustpilot \u8bc4\u8bba\u7b49\" \/>\n<meta property=\"og:description\" content=\"\u8054\u7cfb\u6211\u4eec\uff0c\u83b7\u53d6\u5546\u4e1a\u8bc4\u4ef7\u65b9\u6848\uff0c\u5b9a\u5236\u4f60\u7684\u5546\u4e1a\u8bc4\u8bba\u3002\u63d0\u9ad8\u60a8\u7684\u5546\u4e1a\u58f0\u8a89\uff0c\u83b7\u53d6\u672c\u5730SEO\u5e26\u6765\u7684\u4f4e\u6210\u672c \u7cbe\u51c6\u6d41\u91cf\u3002\u4f4e\u6210\u672c\uff0c \u5b89\u5168\u9ad8\u6548\u63d0\u5347Google Map \u8bc4\u5206\uff0c \u63d0\u5347Trustpilot \u8bc4\u5206\uff0c \u63d0\u5347Chrome\u63d2\u4ef6\u8bc4\u5206\u3002\" \/>\n<meta property=\"og:url\" content=\"https:\/\/wmhuoke.com\/es\/contact-us\/\" \/>\n<meta property=\"og:site_name\" content=\"\u8c37\u6b4c\u5730\u56fe\u6570\u636e\u6293\u53d6\u795e\u5668\uff1a\u7cbe\u786e\u9ad8\u6548\u7684\u6570\u636e\u63d0\u53d6\u5de5\u5177\" \/>\n<meta property=\"article:modified_time\" content=\"2025-04-21T15:46:17+00:00\" \/>\n<meta name=\"twitter:card\" content=\"summary_large_image\" \/>\n<meta name=\"twitter:label1\" content=\"Tiempo de lectura\" \/>\n\t<meta name=\"twitter:data1\" content=\"1 minuto\" \/>\n<script type=\"application\/ld+json\" class=\"yoast-schema-graph\">{\"@context\":\"https:\/\/schema.org\",\"@graph\":[{\"@type\":\"WebPage\",\"@id\":\"https:\/\/wmhuoke.com\/contact-us\/\",\"url\":\"https:\/\/wmhuoke.com\/contact-us\/\",\"name\":\"\u8054\u7cfb\u6211\u4eec - \u8d2d\u4e70\u7a33\u5b9a\u5546\u4e1a\u8bc4\u4ef7\uff1aGoogle Map \u8bc4\u8bba\uff0cTrustpilot \u8bc4\u8bba\u7b49\",\"isPartOf\":{\"@id\":\"https:\/\/wmhuoke.com\/#website\"},\"datePublished\":\"2025-04-21T15:41:00+00:00\",\"dateModified\":\"2025-04-21T15:46:17+00:00\",\"description\":\"\u8054\u7cfb\u6211\u4eec\uff0c\u83b7\u53d6\u5546\u4e1a\u8bc4\u4ef7\u65b9\u6848\uff0c\u5b9a\u5236\u4f60\u7684\u5546\u4e1a\u8bc4\u8bba\u3002\u63d0\u9ad8\u60a8\u7684\u5546\u4e1a\u58f0\u8a89\uff0c\u83b7\u53d6\u672c\u5730SEO\u5e26\u6765\u7684\u4f4e\u6210\u672c \u7cbe\u51c6\u6d41\u91cf\u3002\u4f4e\u6210\u672c\uff0c \u5b89\u5168\u9ad8\u6548\u63d0\u5347Google Map \u8bc4\u5206\uff0c \u63d0\u5347Trustpilot \u8bc4\u5206\uff0c \u63d0\u5347Chrome\u63d2\u4ef6\u8bc4\u5206\u3002\",\"breadcrumb\":{\"@id\":\"https:\/\/wmhuoke.com\/contact-us\/#breadcrumb\"},\"inLanguage\":\"es\",\"potentialAction\":[{\"@type\":\"ReadAction\",\"target\":[\"https:\/\/wmhuoke.com\/contact-us\/\"]}]},{\"@type\":\"BreadcrumbList\",\"@id\":\"https:\/\/wmhuoke.com\/contact-us\/#breadcrumb\",\"itemListElement\":[{\"@type\":\"ListItem\",\"position\":1,\"name\":\"\u9996\u9875\",\"item\":\"https:\/\/wmhuoke.com\/\"},{\"@type\":\"ListItem\",\"position\":2,\"name\":\"\u8054\u7cfb\u6211\u4eec\"}]},{\"@type\":\"WebSite\",\"@id\":\"https:\/\/wmhuoke.com\/#website\",\"url\":\"https:\/\/wmhuoke.com\/\",\"name\":\"wmhuoke.com\",\"description\":\"\u89e3\u9501\u5730\u7406\u6570\u636e\u6f5c\u529b\uff0c\u9a71\u52a8\u7cbe\u51c6\u5e02\u573a\u51b3\u7b56\u4e0eSEO\u4f18\u5316\uff0c\u52a9\u529b\u4f01\u4e1a\u667a\u80fd\u5316\u589e\u957f\",\"potentialAction\":[{\"@type\":\"SearchAction\",\"target\":{\"@type\":\"EntryPoint\",\"urlTemplate\":\"https:\/\/wmhuoke.com\/?s={search_term_string}\"},\"query-input\":{\"@type\":\"PropertyValueSpecification\",\"valueRequired\":true,\"valueName\":\"search_term_string\"}}],\"inLanguage\":\"es\"}]}<\/script>\n<!-- \/ Yoast SEO plugin. -->","yoast_head_json":{"title":"\u8054\u7cfb\u6211\u4eec - \u8d2d\u4e70\u7a33\u5b9a\u5546\u4e1a\u8bc4\u4ef7\uff1aGoogle Map \u8bc4\u8bba\uff0cTrustpilot \u8bc4\u8bba\u7b49","description":"\u8054\u7cfb\u6211\u4eec\uff0c\u83b7\u53d6\u5546\u4e1a\u8bc4\u4ef7\u65b9\u6848\uff0c\u5b9a\u5236\u4f60\u7684\u5546\u4e1a\u8bc4\u8bba\u3002\u63d0\u9ad8\u60a8\u7684\u5546\u4e1a\u58f0\u8a89\uff0c\u83b7\u53d6\u672c\u5730SEO\u5e26\u6765\u7684\u4f4e\u6210\u672c \u7cbe\u51c6\u6d41\u91cf\u3002\u4f4e\u6210\u672c\uff0c \u5b89\u5168\u9ad8\u6548\u63d0\u5347Google Map \u8bc4\u5206\uff0c \u63d0\u5347Trustpilot \u8bc4\u5206\uff0c \u63d0\u5347Chrome\u63d2\u4ef6\u8bc4\u5206\u3002","robots":{"index":"index","follow":"follow","max-snippet":"max-snippet:-1","max-image-preview":"max-image-preview:large","max-video-preview":"max-video-preview:-1"},"canonical":"https:\/\/wmhuoke.com\/es\/contact-us\/","og_locale":"es_ES","og_type":"article","og_title":"\u8054\u7cfb\u6211\u4eec - \u8d2d\u4e70\u7a33\u5b9a\u5546\u4e1a\u8bc4\u4ef7\uff1aGoogle Map \u8bc4\u8bba\uff0cTrustpilot \u8bc4\u8bba\u7b49","og_description":"\u8054\u7cfb\u6211\u4eec\uff0c\u83b7\u53d6\u5546\u4e1a\u8bc4\u4ef7\u65b9\u6848\uff0c\u5b9a\u5236\u4f60\u7684\u5546\u4e1a\u8bc4\u8bba\u3002\u63d0\u9ad8\u60a8\u7684\u5546\u4e1a\u58f0\u8a89\uff0c\u83b7\u53d6\u672c\u5730SEO\u5e26\u6765\u7684\u4f4e\u6210\u672c \u7cbe\u51c6\u6d41\u91cf\u3002\u4f4e\u6210\u672c\uff0c \u5b89\u5168\u9ad8\u6548\u63d0\u5347Google Map \u8bc4\u5206\uff0c \u63d0\u5347Trustpilot \u8bc4\u5206\uff0c \u63d0\u5347Chrome\u63d2\u4ef6\u8bc4\u5206\u3002","og_url":"https:\/\/wmhuoke.com\/es\/contact-us\/","og_site_name":"\u8c37\u6b4c\u5730\u56fe\u6570\u636e\u6293\u53d6\u795e\u5668\uff1a\u7cbe\u786e\u9ad8\u6548\u7684\u6570\u636e\u63d0\u53d6\u5de5\u5177","article_modified_time":"2025-04-21T15:46:17+00:00","twitter_card":"summary_large_image","twitter_misc":{"Tiempo de lectura":"1 minuto"},"schema":{"@context":"https:\/\/schema.org","@graph":[{"@type":"WebPage","@id":"https:\/\/wmhuoke.com\/contact-us\/","url":"https:\/\/wmhuoke.com\/contact-us\/","name":"\u8054\u7cfb\u6211\u4eec - \u8d2d\u4e70\u7a33\u5b9a\u5546\u4e1a\u8bc4\u4ef7\uff1aGoogle Map \u8bc4\u8bba\uff0cTrustpilot \u8bc4\u8bba\u7b49","isPartOf":{"@id":"https:\/\/wmhuoke.com\/#website"},"datePublished":"2025-04-21T15:41:00+00:00","dateModified":"2025-04-21T15:46:17+00:00","description":"\u8054\u7cfb\u6211\u4eec\uff0c\u83b7\u53d6\u5546\u4e1a\u8bc4\u4ef7\u65b9\u6848\uff0c\u5b9a\u5236\u4f60\u7684\u5546\u4e1a\u8bc4\u8bba\u3002\u63d0\u9ad8\u60a8\u7684\u5546\u4e1a\u58f0\u8a89\uff0c\u83b7\u53d6\u672c\u5730SEO\u5e26\u6765\u7684\u4f4e\u6210\u672c \u7cbe\u51c6\u6d41\u91cf\u3002\u4f4e\u6210\u672c\uff0c \u5b89\u5168\u9ad8\u6548\u63d0\u5347Google Map \u8bc4\u5206\uff0c \u63d0\u5347Trustpilot \u8bc4\u5206\uff0c \u63d0\u5347Chrome\u63d2\u4ef6\u8bc4\u5206\u3002","breadcrumb":{"@id":"https:\/\/wmhuoke.com\/contact-us\/#breadcrumb"},"inLanguage":"es","potentialAction":[{"@type":"ReadAction","target":["https:\/\/wmhuoke.com\/contact-us\/"]}]},{"@type":"BreadcrumbList","@id":"https:\/\/wmhuoke.com\/contact-us\/#breadcrumb","itemListElement":[{"@type":"ListItem","position":1,"name":"\u9996\u9875","item":"https:\/\/wmhuoke.com\/"},{"@type":"ListItem","position":2,"name":"\u8054\u7cfb\u6211\u4eec"}]},{"@type":"WebSite","@id":"https:\/\/wmhuoke.com\/#website","url":"https:\/\/wmhuoke.com\/","name":"wmhuoke.com","description":"Liberar el potencial de los datos geogr\u00e1ficos para tomar decisiones de mercado precisas y optimizar el SEO para un crecimiento empresarial inteligente.","potentialAction":[{"@type":"SearchAction","target":{"@type":"EntryPoint","urlTemplate":"https:\/\/wmhuoke.com\/?s={search_term_string}"},"query-input":{"@type":"PropertyValueSpecification","valueRequired":true,"valueName":"search_term_string"}}],"inLanguage":"es"}]}},"_links":{"self":[{"href":"https:\/\/wmhuoke.com\/es\/wp-json\/wp\/v2\/pages\/16311","targetHints":{"allow":["GET"]}}],"collection":[{"href":"https:\/\/wmhuoke.com\/es\/wp-json\/wp\/v2\/pages"}],"about":[{"href":"https:\/\/wmhuoke.com\/es\/wp-json\/wp\/v2\/types\/page"}],"author":[{"embeddable":true,"href":"https:\/\/wmhuoke.com\/es\/wp-json\/wp\/v2\/users\/1"}],"replies":[{"embeddable":true,"href":"https:\/\/wmhuoke.com\/es\/wp-json\/wp\/v2\/comments?post=16311"}],"version-history":[{"count":2,"href":"https:\/\/wmhuoke.com\/es\/wp-json\/wp\/v2\/pages\/16311\/revisions"}],"predecessor-version":[{"id":16313,"href":"https:\/\/wmhuoke.com\/es\/wp-json\/wp\/v2\/pages\/16311\/revisions\/16313"}],"wp:attachment":[{"href":"https:\/\/wmhuoke.com\/es\/wp-json\/wp\/v2\/media?parent=16311"}],"curies":[{"name":"wp","href":"https:\/\/api.w.org\/{rel}","templated":true}]}}